{"id":43,"date":"2014-10-15T10:51:47","date_gmt":"2014-10-15T10:51:47","guid":{"rendered":"http:\/\/ingokaddatz.de\/?page_id=43"},"modified":"2019-12-15T16:30:58","modified_gmt":"2019-12-15T16:30:58","slug":"kontakt","status":"publish","type":"page","link":"https:\/\/ingokaddatz.de\/?page_id=43","title":{"rendered":"Kontakt"},"content":{"rendered":"<p>Ich bin \u00fcber die folgenden Kommunikationsm\u00f6glichkeiten erreichbar:<\/p>\n<p>Ingo Kaddatz<\/p>\n<p>Ricarda-Huch-Stra\u00dfe 58<br>51061 K\u00f6ln<\/p>\n<p>email: info*at*ingokaddatz.de<\/p>\n\n\n<p><\/p>\n","protected":false},"excerpt":{"rendered":"<p>Ich bin \u00fcber die folgenden Kommunikationsm\u00f6glichkeiten erreichbar: Ingo Kaddatz Ricarda-Huch-Stra\u00dfe 5851061 K\u00f6ln email: info*at*ingokaddatz.de<\/p>\n","protected":false},"author":1,"featured_media":0,"parent":0,"menu_order":0,"comment_status":"closed","ping_status":"open","template":"","meta":{"ngg_post_thumbnail":0},"_links":{"self":[{"href":"https:\/\/ingokaddatz.de\/index.php?rest_route=\/wp\/v2\/pages\/43"}],"collection":[{"href":"https:\/\/ingokaddatz.de\/index.php?rest_route=\/wp\/v2\/pages"}],"about":[{"href":"https:\/\/ingokaddatz.de\/index.php?rest_route=\/wp\/v2\/types\/page"}],"author":[{"embeddable":true,"href":"https:\/\/ingokaddatz.de\/index.php?rest_route=\/wp\/v2\/users\/1"}],"replies":[{"embeddable":true,"href":"https:\/\/ingokaddatz.de\/index.php?rest_route=%2Fwp%2Fv2%2Fcomments&post=43"}],"version-history":[{"count":9,"href":"https:\/\/ingokaddatz.de\/index.php?rest_route=\/wp\/v2\/pages\/43\/revisions"}],"predecessor-version":[{"id":3395,"href":"https:\/\/ingokaddatz.de\/index.php?rest_route=\/wp\/v2\/pages\/43\/revisions\/3395"}],"wp:attachment":[{"href":"https:\/\/ingokaddatz.de\/index.php?rest_route=%2Fwp%2Fv2%2Fmedia&parent=43"}],"curies":[{"name":"wp","href":"https:\/\/api.w.org\/{rel}","templated":true}]}}